{"id":24344,"date":"2022-01-10T07:16:25","date_gmt":"2022-01-10T13:16:25","guid":{"rendered":"https:\/\/shinysites.com.ar\/sumacinc\/terminos-y-condiciones"},"modified":"2022-01-24T05:36:19","modified_gmt":"2022-01-24T11:36:19","slug":"terminos-y-condiciones","status":"publish","type":"page","link":"https:\/\/sumacinc.kinsta.cloud\/es\/terminos-y-condiciones\/","title":{"rendered":"T\u00e9rminos y condiciones"},"content":{"rendered":"\t\t<div data-elementor-type=\"wp-page\" data-elementor-id=\"24344\" class=\"elementor elementor-24344 elementor-1577\" data-elementor-post-type=\"page\">\n\t\t\t\t\t\t\t\t\t<section class=\"elementor-section elementor-top-section elementor-element elementor-element-02a94db elementor-section-height-min-height elementor-section-boxed elementor-section-height-default elementor-section-items-middle\" data-id=\"02a94db\" data-element_type=\"section\" data-settings=\"{&quot;background_background&quot;:&quot;classic&quot;}\">\n\t\t\t\t\t\t<div class=\"elementor-container elementor-column-gap-default\">\n\t\t\t\t\t<div class=\"elementor-column elementor-col-100 elementor-top-column elementor-element elementor-element-f421bee\" data-id=\"f421bee\" data-element_type=\"column\">\n\t\t\t<div class=\"elementor-widget-wrap elementor-element-populated\">\n\t\t\t\t\t\t\t\t<div class=\"elementor-element elementor-element-d0ca4c4 elementor-widget__width-auto elementor-widget elementor-widget-heading\" data-id=\"d0ca4c4\" data-element_type=\"widget\" data-widget_type=\"heading.default\">\n\t\t\t\t<div class=\"elementor-widget-container\">\n\t\t\t<style>\/*! elementor - v3.18.0 - 04-12-2023 *\/\n.elementor-heading-title{padding:0;margin:0;line-height:1}.elementor-widget-heading .elementor-heading-title[class*=elementor-size-]>a{color:inherit;font-size:inherit;line-height:inherit}.elementor-widget-heading .elementor-heading-title.elementor-size-small{font-size:15px}.elementor-widget-heading .elementor-heading-title.elementor-size-medium{font-size:19px}.elementor-widget-heading .elementor-heading-title.elementor-size-large{font-size:29px}.elementor-widget-heading .elementor-heading-title.elementor-size-xl{font-size:39px}.elementor-widget-heading .elementor-heading-title.elementor-size-xxl{font-size:59px}<\/style><h1 class=\"elementor-heading-title elementor-size-default\">T\u00e9rminos y condiciones<\/h1>\t\t<\/div>\n\t\t\t\t<\/div>\n\t\t\t\t\t<\/div>\n\t\t<\/div>\n\t\t\t\t\t\t\t<\/div>\n\t\t<\/section>\n\t\t\t\t<section class=\"elementor-section elementor-top-section elementor-element elementor-element-97f2eb5 elementor-section-boxed elementor-section-height-default elementor-section-height-default\" data-id=\"97f2eb5\" data-element_type=\"section\">\n\t\t\t\t\t\t<div class=\"elementor-container elementor-column-gap-default\">\n\t\t\t\t\t<div class=\"elementor-column elementor-col-100 elementor-top-column elementor-element elementor-element-823e4fc\" data-id=\"823e4fc\" data-element_type=\"column\">\n\t\t\t<div class=\"elementor-widget-wrap elementor-element-populated\">\n\t\t\t\t\t\t\t\t<div class=\"elementor-element elementor-element-dbb9ff5 elementor-widget elementor-widget-text-editor\" data-id=\"dbb9ff5\" data-element_type=\"widget\" data-widget_type=\"text-editor.default\">\n\t\t\t\t<div class=\"elementor-widget-container\">\n\t\t\t<style>\/*! elementor - v3.18.0 - 04-12-2023 *\/\n.elementor-widget-text-editor.elementor-drop-cap-view-stacked .elementor-drop-cap{background-color:#69727d;color:#fff}.elementor-widget-text-editor.elementor-drop-cap-view-framed .elementor-drop-cap{color:#69727d;border:3px solid;background-color:transparent}.elementor-widget-text-editor:not(.elementor-drop-cap-view-default) .elementor-drop-cap{margin-top:8px}.elementor-widget-text-editor:not(.elementor-drop-cap-view-default) .elementor-drop-cap-letter{width:1em;height:1em}.elementor-widget-text-editor .elementor-drop-cap{float:left;text-align:center;line-height:1;font-size:50px}.elementor-widget-text-editor .elementor-drop-cap-letter{display:inline-block}<\/style>\t\t\t\t<p>Estos t\u00e9rminos y condiciones describen las reglas y regulaciones para el uso del sitio web de SUMAC, INC.<\/p>\n<p>SUMAC, INC: <a href=\"tel:+1-773-857-7906\">+ 1-773-857-7906<\/a><\/p>\n<p>Al acceder a este sitio web asumimos que aceptas estos t\u00e9rminos y condiciones en su totalidad. No continue usando el sitio de SUMAC<br \/>Si no acepta todos los t\u00e9rminos y condiciones indicados en esta p\u00e1gina.<\/p>\n<p>La siguiente terminolog\u00eda se aplica a estos t\u00e9rminos y condiciones, declaraci\u00f3n de privacidad y aviso de exenci\u00f3n de responsabilidad<br \/>y cualquiera o todos los acuerdos: \u00abcliente\u00bb, \u00abusted\u00bb y \u00absu\u00bb se refieren a usted, la persona que accede a este sitio web<br \/>y aceptar los t\u00e9rminos y condiciones de la compa\u00f1\u00eda. \u00abLa compa\u00f1\u00eda\u00bb, \u00abnosotros\u00bb, \u00abnosotros\u00bb, \u00abnuestro\u00bb y \u00abnos\u00bb, se refiere<br \/>a nuestra empresa. \u00abParte\u00bb, \u00abpartes\u00bb, o \u00abnos\u00bb, se refiere tanto al cliente como a nosotros mismos, o bien al cliente<br \/>o nosotros mismos. Todos los t\u00e9rminos se refieren a la oferta, aceptaci\u00f3n y consideraci\u00f3n del pago necesario para emprender<br \/>el proceso de nuestra asistencia al cliente de la manera m\u00e1s adecuada, ya sea por reuniones formales<br \/>de una duraci\u00f3n fija, o cualquier otro medio, con el prop\u00f3sito expreso de satisfacer las necesidades del cliente con respecto<br \/>de la provisi\u00f3n de los servicios\/productos declarados de la compa\u00f1\u00eda, de acuerdo con y sujeto a la ley vigente<br \/>De. Cualquier uso de la terminolog\u00eda anterior u otras palabras en singular, plural,<br \/>capitalizaci\u00f3n y\/o \u00e9l o ellos, se toman como intercambiables y, por lo tanto, se refieren a la misma.<\/p>\n<h4>Galletas<\/h4>\n<p>Empleamos el uso de cookies. Al utilizar el sitio web de SUMAC, INC. usted consiente el uso de cookies<br \/>de acuerdo con la pol\u00edtica de privacidad de SUMAC, INC.<\/p>\n<p>La mayor\u00eda de los sitios web interactivos de hoy en d\u00eda<br \/>utilizar cookies para permitirnos recuperar los detalles del usuario de cada visita. Las cookies se utilizan en algunas \u00e1reas de nuestro sitio<br \/>para permitir la funcionalidad de esta \u00e1rea y la facilidad de uso para las personas que visitan. Algunos de nuestros<br \/>socios afiliados\/publicitarios tambi\u00e9n pueden utilizar cookies.<\/p>\n<h4>Licencia<\/h4>\n<p>A menos que se indique lo contrario, SUMAC, INC y\/o sus licenciantes son propietarios de los derechos de propiedad intelectual para<br \/>todo el material en SUMAC, INC. Todos los derechos de propiedad intelectual est\u00e1n reservados. Puede ver y\/o imprimir<br \/>p\u00e1ginas de http:\/\/sumacinc.kinsta.cloud para su uso personal sujeto a las restricciones establecidas en estos t\u00e9rminos y condiciones.<\/p>\n<p>Usted no debe:<\/p>\n<ol>\n<li>Republique material de http:\/\/sumacinc.kinsta.cloud<\/li>\n<li>Vender, alquilar o sublicenciar material de http:\/\/sumacinc.kinsta.cloud<\/li>\n<li>Reproduce, duplica o copia material de http:\/\/sumacinc.kinsta.cloud<\/li>\n<\/ol>\n<p>Redistribuir contenido de SUMAC, INC (a menos que el contenido se haya hecho espec\u00edficamente para la redistribuci\u00f3n).<\/p>\n<h4>La hipervinculaci\u00f3n a nuestro contenido<\/h4>\n<ol>\n<li>Las siguientes organizaciones pueden vincular a nuestro sitio web sin la aprobaci\u00f3n previa por escrito:\n<ol>\n<li>Agencias gubernamentales;<\/li>\n<li>Buscadores;<\/li>\n<li>Organizaciones de noticias;<\/li>\n<li>Los distribuidores de directorios en l\u00ednea cuando nos enumeren en el directorio pueden enlazar a nuestro sitio web en el mismo<br \/>forma en que se hiperv\u00ednculo a los sitios web de otras empresas cotizadas; Y<\/li>\n<li>Empresas acreditadas en todo el sistema, excepto solicitar organizaciones sin fines de lucro, centros comerciales<br \/>y grupos ben\u00e9ficos de recaudaci\u00f3n de fondos que no pueden ser hiperv\u00ednculos a nuestro sitio Web.<\/li>\n<\/ol>\n<\/li>\n<\/ol>\n<ol start=\"2\">\n<li>Estas organizaciones pueden vincular a nuestra p\u00e1gina de inicio, a publicaciones o a otra informaci\u00f3n del sitio web durante tanto tiempo<br \/>como el enlace: a) no sea enga\u00f1oso en modo alguno; (b) no implica falsamente patrocinio, endoso o<br \/>aprobaci\u00f3n de la parte vinculante y sus productos o servicios; y (c) encaja en el contexto de la vinculaci\u00f3n<br \/>sitio de la parte.<\/li>\n<li>Podemos considerar y aprobar a nuestra entera discreci\u00f3n otras peticiones de enlaces de los siguientes tipos de organizaciones:\n<ol>\n<li>fuentes de informaci\u00f3n de consumo y\/o negocios com\u00fanmente conocidas, como Chambers of Commerce, American<br \/>Asociaci\u00f3n de autom\u00f3viles, AARP y Uni\u00f3n de consumidores;<\/li>\n<li>DOT.com sitios comunitarios;<\/li>\n<li>asociaciones u otros grupos que representen a organizaciones ben\u00e9ficas, incluidos sitios de caridad,<\/li>\n<li>distribuidores de directorios en l\u00ednea;<\/li>\n<li>portales de Internet;<\/li>\n<li>empresas de contabilidad, derecho y consultor\u00eda cuyos clientes primarios son empresas; Y<\/li>\n<li>instituciones educativas y asociaciones comerciales.<\/li>\n<\/ol>\n<\/li>\n<\/ol>\n<p>Aprobaremos las solicitudes de enlace de estas organizaciones Si determinamos que: (a) el enlace no reflejara<br \/>desfavorablemente sobre nosotros o sobre nuestras empresas acreditadas (por ejemplo, asociaciones comerciales u otras organizaciones<br \/>que representen tipos de negocios inherentemente sospechosos, como oportunidades de trabajo en el hogar, no se permitir\u00e1n<br \/>para enlazar); (b) la organizaci\u00f3n no tiene un historial insatisfactorio con nosotros; (c) el beneficio para nosotros de<br \/>la visibilidad asociada con el hiperv\u00ednculo supera la ausencia dev\u00ednculo en el contexto de la informaci\u00f3n general de los recursos o es coherente con el contenido editorial<br \/>en un bolet\u00edn informativo o un producto similar que promueve la misi\u00f3n de la organizaci\u00f3n.<\/p>\n<p>Estas organizaciones pueden enlazar a nuestra p\u00e1gina de inicio, a publicaciones o a otra informaci\u00f3n del sitio web siempre que<br \/>el enlace: a) no sea enga\u00f1oso en modo alguno; (b) no implica falsamente patrocinio, endoso o aprobaci\u00f3n<br \/>de la parte vinculada y de sus productos o servicios; y c) encaja en el contexto del sitio de parte.<br \/>site.<\/p>\n<p>Si usted est\u00e1 entre las organizaciones enumeradas en el p\u00e1rrafo 2 anterior y est\u00e1 interesado en vincular a nuestro sitio web,<br \/>debe notificarnos enviando un correo electr\u00f3nico a <a title=\"Enviar un correo electr\u00f3nico a info@sumacinc.com\" href=\"mailto:info@sumacinc.com\">info@sumacinc.com<\/a>.<br \/>Por favor, incluya su nombre, nombre de su organizaci\u00f3n, informaci\u00f3n de contacto (como un n\u00famero de tel\u00e9fono y\/o correo electr\u00f3nico<br \/>Direcci\u00f3n), as\u00ed como la direcci\u00f3n URL de su sitio web, una lista de las direcciones URL desde las que tiene la intenci\u00f3n de vincular a nuestro sitio,<br \/>y una lista de las URL en nuestro sitio al que le gustar\u00eda vincular. Permita 2-3 semanas para una respuesta.<\/p>\n<p>Las organizaciones aprobadas pueden hacer un hiperv\u00ednculo a nuestro sitio web de la siguiente manera:<\/p>\n<ol>\n<li>Mediante el uso de nuestro nombre corporativo; O<\/li>\n<li>Mediante el uso del localizador uniforme de recursos (direcci\u00f3n web) vinculado; O<\/li>\n<li>Mediante el uso de cualquier otra descripci\u00f3n de nuestro sitio web o material vinculado a eso tiene sentido dentro de la<br \/>contexto y el formato del contenido en el sitio de la parte que enlaza.<\/li>\n<\/ol>\n<p>No se permitir\u00e1 el uso del logotipo de SUMAC, INC u otras ilustraciones para vincular una licencia de marca registrada ausente Acuerdo.<br \/>Acuerdo.<\/p>\n<h4>Iframes<\/h4>\n<p>Sin la aprobaci\u00f3n previa y el permiso expreso por escrito, no puede crear marcos alrededor de nuestras p\u00e1ginas web o<br \/>utilizar otras t\u00e9cnicas que alteren en modo alguno la presentaci\u00f3n visual o la apariencia de nuestro sitio Web.<\/p>\n<h4>Reserva de derechos<\/h4>\n<p>Nos reservamos el derecho, en cualquier momento y a su sola discreci\u00f3n, de solicitar que elimines todos los enlaces o cualquier<br \/>Enlace a nuestro sitio Web. Usted se compromete a eliminar inmediatamente todos los enlaces a nuestro sitio web a tal solicitud. Tambi\u00e9n<br \/>reservamos el derecho de modificar estos t\u00e9rminos y condiciones y su pol\u00edtica de vinculaci\u00f3n en cualquier momento. Al continuar<br \/>para vincular a nuestro sitio web, usted acepta estar vinculado y cumplir con estos t\u00e9rminos y condiciones de vinculaci\u00f3n.<\/p>\n<h4>Eliminaci\u00f3n de enlaces de nuestro sitio web<\/h4>\n<p>Si encuentra alg\u00fan enlace en nuestro sitio web o cualquier sitio web vinculado objetable por cualquier motivo, puede ponerse en contacto con<br \/>nosotros sobre esto. Consideraremos las solicitudes para eliminar enlaces, pero no tendremos ninguna obligaci\u00f3n de hacerlo o para responder<br \/>directamente a usted.<\/p>\n<p>Si bien nos esforzamos por garantizar que la informaci\u00f3n de este sitio web sea correcta, no garantizamos su integridad<br \/>o precisi\u00f3n; ni nos comprometemos a garantizar que el sitio Web permanezca disponible o que el material de la<br \/>sitio web se mantiene actualizado.<\/p>\n<h4>Responsabilidad de contenido<\/h4>\n<p>No tendremos ninguna responsabilidad por cualquier contenido que aparezca en su sitio Web. Usted acuerda indemnizar a<br \/>y defendernos contra todas las reclamaciones derivadas o basadas en su sitio Web. Ning\u00fan enlace (s) puede aparecer en cualquier<br \/>P\u00e1gina de su sitio web o en cualquier contexto que contenga contenido o materiales que puedan interpretarse como<br \/>calumnioso, obsceno o criminal, o que infrinja, de otro modo viola, o aboga por la infracci\u00f3n o<br \/>cualquier otra violaci\u00f3n de los derechos de terceros.<\/p>\n<h4>Renuncia<\/h4>\n<p>En la m\u00e1xima medida permitida por la ley aplicable, excluimos todas las representaciones, garant\u00edas y condiciones relacionadas con nuestro sitio web y el uso de este sitio web (incluyendo, sin limitaci\u00f3n, cualquier garant\u00eda impl\u00edcita por la ley con respecto a la calidad satisfactoria, aptitud para el prop\u00f3sito y\/o el uso de cuidado y habilidad razonables). Nada en este descargo de responsabilidad:<\/p>\n<ol>\n<li>limitar o excluir nuestra o su responsabilidad por fallecimiento o lesiones personales resultantes de negligencia;<\/li>\n<li>limitar o excluir nuestra responsabilidad por fraude o tergiversaci\u00f3n fraudulenta;<\/li>\n<li>limitar cualquiera de nuestros o sus pasivos de cualquier manera que no est\u00e9 permitida por la ley aplicable; O<\/li>\n<li>excluir cualquiera de nuestros o sus pasivos que no pueden ser excluidos bajo la ley aplicable.<\/li>\n<\/ol>\n<p>Las limitaciones y exclusiones de responsabilidad establecidas en esta secci\u00f3n y en otros lugares de esta renuncia: (a)<br \/>est\u00e1n sujetas al p\u00e1rrafo precedente; y (b) regir\u00e1n todas las responsabilidades derivadas de la exenci\u00f3n de responsabilidad o<br \/>en relaci\u00f3n con el objeto de este descargo de responsabilidad, incluidos los pasivos que surjan en el contrato, por agravio<br \/>(incluida la negligencia) y por incumplimiento del deber estatutario.<\/p>\n<p>En la medida en que el sitio web y la informaci\u00f3n y los servicios en el sitio web se proporcionan de forma gratuita,<br \/>no seremos responsables de ninguna p\u00e9rdida o da\u00f1o de cualquier naturaleza.<\/p>\n\t\t\t\t\t\t<\/div>\n\t\t\t\t<\/div>\n\t\t\t\t\t<\/div>\n\t\t<\/div>\n\t\t\t\t\t\t\t<\/div>\n\t\t<\/section>\n\t\t\t\t\t\t\t<\/div>\n\t\t","protected":false},"excerpt":{"rendered":"<p>T\u00e9rminos y condiciones Estos t\u00e9rminos y condiciones describen las reglas y regulaciones para el uso del sitio web de SUMAC, INC. SUMAC, INC: + 1-773-857-7906 Al acceder a este sitio web asumimos que aceptas estos t\u00e9rminos y condiciones en su totalidad. No continue usando el sitio de SUMACSi no acepta todos los t\u00e9rminos y condiciones [&hellip;]<\/p>\n","protected":false},"author":3,"featured_media":0,"parent":0,"menu_order":5,"comment_status":"closed","ping_status":"closed","template":"elementor_header_footer","meta":[],"yoast_head":"<!-- This site is optimized with the Yoast SEO plugin v21.6 - https:\/\/yoast.com\/wordpress\/plugins\/seo\/ -->\n<title>T\u00e9rminos y condiciones | SUMAC<\/title>\n<meta name=\"robots\" content=\"index, follow, max-snippet:-1, max-image-preview:large, max-video-preview:-1\" \/>\n<link rel=\"canonical\" href=\"https:\/\/sumacinc.kinsta.cloud\/es\/terminos-y-condiciones\/\" \/>\n<meta property=\"og:locale\" content=\"es_ES\" \/>\n<meta property=\"og:type\" content=\"article\" \/>\n<meta property=\"og:title\" content=\"T\u00e9rminos y condiciones | SUMAC\" \/>\n<meta property=\"og:description\" content=\"T\u00e9rminos y condiciones Estos t\u00e9rminos y condiciones describen las reglas y regulaciones para el uso del sitio web de SUMAC, INC. SUMAC, INC: + 1-773-857-7906 Al acceder a este sitio web asumimos que aceptas estos t\u00e9rminos y condiciones en su totalidad. No continue usando el sitio de SUMACSi no acepta todos los t\u00e9rminos y condiciones [&hellip;]\" \/>\n<meta property=\"og:url\" content=\"https:\/\/sumacinc.kinsta.cloud\/es\/terminos-y-condiciones\/\" \/>\n<meta property=\"og:site_name\" content=\"SUMAC\" \/>\n<meta property=\"article:publisher\" content=\"https:\/\/www.facebook.com\/SumacInc\" \/>\n<meta property=\"article:modified_time\" content=\"2022-01-24T11:36:19+00:00\" \/>\n<meta name=\"twitter:card\" content=\"summary_large_image\" \/>\n<meta name=\"twitter:site\" content=\"@sumacinc\" \/>\n<meta name=\"twitter:label1\" content=\"Tiempo de lectura\" \/>\n\t<meta name=\"twitter:data1\" content=\"8 minutos\" \/>\n<script type=\"application\/ld+json\" class=\"yoast-schema-graph\">{\"@context\":\"https:\/\/schema.org\",\"@graph\":[{\"@type\":\"WebPage\",\"@id\":\"https:\/\/sumacinc.kinsta.cloud\/es\/terminos-y-condiciones\/\",\"url\":\"https:\/\/sumacinc.kinsta.cloud\/es\/terminos-y-condiciones\/\",\"name\":\"T\u00e9rminos y condiciones | SUMAC\",\"isPartOf\":{\"@id\":\"https:\/\/sumacinc.kinsta.cloud\/es\/#website\"},\"datePublished\":\"2022-01-10T13:16:25+00:00\",\"dateModified\":\"2022-01-24T11:36:19+00:00\",\"breadcrumb\":{\"@id\":\"https:\/\/sumacinc.kinsta.cloud\/es\/terminos-y-condiciones\/#breadcrumb\"},\"inLanguage\":\"es\",\"potentialAction\":[{\"@type\":\"ReadAction\",\"target\":[\"https:\/\/sumacinc.kinsta.cloud\/es\/terminos-y-condiciones\/\"]}]},{\"@type\":\"BreadcrumbList\",\"@id\":\"https:\/\/sumacinc.kinsta.cloud\/es\/terminos-y-condiciones\/#breadcrumb\",\"itemListElement\":[{\"@type\":\"ListItem\",\"position\":1,\"name\":\"Home\",\"item\":\"https:\/\/sumacinc.kinsta.cloud\/es\/\"},{\"@type\":\"ListItem\",\"position\":2,\"name\":\"T\u00e9rminos y condiciones\"}]},{\"@type\":\"WebSite\",\"@id\":\"https:\/\/sumacinc.kinsta.cloud\/es\/#website\",\"url\":\"https:\/\/sumacinc.kinsta.cloud\/es\/\",\"name\":\"SUMAC\",\"description\":\"Sustainable Architecture\",\"publisher\":{\"@id\":\"https:\/\/sumacinc.kinsta.cloud\/es\/#organization\"},\"potentialAction\":[{\"@type\":\"SearchAction\",\"target\":{\"@type\":\"EntryPoint\",\"urlTemplate\":\"https:\/\/sumacinc.kinsta.cloud\/es\/?s={search_term_string}\"},\"query-input\":\"required name=search_term_string\"}],\"inLanguage\":\"es\"},{\"@type\":\"Organization\",\"@id\":\"https:\/\/sumacinc.kinsta.cloud\/es\/#organization\",\"name\":\"SUMAC\",\"url\":\"https:\/\/sumacinc.kinsta.cloud\/es\/\",\"logo\":{\"@type\":\"ImageObject\",\"inLanguage\":\"es\",\"@id\":\"https:\/\/sumacinc.kinsta.cloud\/es\/#\/schema\/logo\/image\/\",\"url\":\"https:\/\/sumacinc.kinsta.cloud\/wp-content\/uploads\/2021\/11\/logotipo-sumac.svg\",\"contentUrl\":\"https:\/\/sumacinc.kinsta.cloud\/wp-content\/uploads\/2021\/11\/logotipo-sumac.svg\",\"width\":174,\"height\":31,\"caption\":\"SUMAC\"},\"image\":{\"@id\":\"https:\/\/sumacinc.kinsta.cloud\/es\/#\/schema\/logo\/image\/\"},\"sameAs\":[\"https:\/\/www.facebook.com\/SumacInc\",\"https:\/\/twitter.com\/sumacinc\",\"https:\/\/www.instagram.com\/sumac_inc\/\",\"https:\/\/www.linkedin.com\/company\/sumac-inc-\/\",\"https:\/\/www.youtube.com\/channel\/UChkZjbagfgQzV2aAiEjaz5w\"]}]}<\/script>\n<!-- \/ Yoast SEO plugin. -->","yoast_head_json":{"title":"T\u00e9rminos y condiciones | SUMAC","robots":{"index":"index","follow":"follow","max-snippet":"max-snippet:-1","max-image-preview":"max-image-preview:large","max-video-preview":"max-video-preview:-1"},"canonical":"https:\/\/sumacinc.kinsta.cloud\/es\/terminos-y-condiciones\/","og_locale":"es_ES","og_type":"article","og_title":"T\u00e9rminos y condiciones | SUMAC","og_description":"T\u00e9rminos y condiciones Estos t\u00e9rminos y condiciones describen las reglas y regulaciones para el uso del sitio web de SUMAC, INC. SUMAC, INC: + 1-773-857-7906 Al acceder a este sitio web asumimos que aceptas estos t\u00e9rminos y condiciones en su totalidad. No continue usando el sitio de SUMACSi no acepta todos los t\u00e9rminos y condiciones [&hellip;]","og_url":"https:\/\/sumacinc.kinsta.cloud\/es\/terminos-y-condiciones\/","og_site_name":"SUMAC","article_publisher":"https:\/\/www.facebook.com\/SumacInc","article_modified_time":"2022-01-24T11:36:19+00:00","twitter_card":"summary_large_image","twitter_site":"@sumacinc","twitter_misc":{"Tiempo de lectura":"8 minutos"},"schema":{"@context":"https:\/\/schema.org","@graph":[{"@type":"WebPage","@id":"https:\/\/sumacinc.kinsta.cloud\/es\/terminos-y-condiciones\/","url":"https:\/\/sumacinc.kinsta.cloud\/es\/terminos-y-condiciones\/","name":"T\u00e9rminos y condiciones | SUMAC","isPartOf":{"@id":"https:\/\/sumacinc.kinsta.cloud\/es\/#website"},"datePublished":"2022-01-10T13:16:25+00:00","dateModified":"2022-01-24T11:36:19+00:00","breadcrumb":{"@id":"https:\/\/sumacinc.kinsta.cloud\/es\/terminos-y-condiciones\/#breadcrumb"},"inLanguage":"es","potentialAction":[{"@type":"ReadAction","target":["https:\/\/sumacinc.kinsta.cloud\/es\/terminos-y-condiciones\/"]}]},{"@type":"BreadcrumbList","@id":"https:\/\/sumacinc.kinsta.cloud\/es\/terminos-y-condiciones\/#breadcrumb","itemListElement":[{"@type":"ListItem","position":1,"name":"Home","item":"https:\/\/sumacinc.kinsta.cloud\/es\/"},{"@type":"ListItem","position":2,"name":"T\u00e9rminos y condiciones"}]},{"@type":"WebSite","@id":"https:\/\/sumacinc.kinsta.cloud\/es\/#website","url":"https:\/\/sumacinc.kinsta.cloud\/es\/","name":"SUMAC","description":"Sustainable Architecture","publisher":{"@id":"https:\/\/sumacinc.kinsta.cloud\/es\/#organization"},"potentialAction":[{"@type":"SearchAction","target":{"@type":"EntryPoint","urlTemplate":"https:\/\/sumacinc.kinsta.cloud\/es\/?s={search_term_string}"},"query-input":"required name=search_term_string"}],"inLanguage":"es"},{"@type":"Organization","@id":"https:\/\/sumacinc.kinsta.cloud\/es\/#organization","name":"SUMAC","url":"https:\/\/sumacinc.kinsta.cloud\/es\/","logo":{"@type":"ImageObject","inLanguage":"es","@id":"https:\/\/sumacinc.kinsta.cloud\/es\/#\/schema\/logo\/image\/","url":"https:\/\/sumacinc.kinsta.cloud\/wp-content\/uploads\/2021\/11\/logotipo-sumac.svg","contentUrl":"https:\/\/sumacinc.kinsta.cloud\/wp-content\/uploads\/2021\/11\/logotipo-sumac.svg","width":174,"height":31,"caption":"SUMAC"},"image":{"@id":"https:\/\/sumacinc.kinsta.cloud\/es\/#\/schema\/logo\/image\/"},"sameAs":["https:\/\/www.facebook.com\/SumacInc","https:\/\/twitter.com\/sumacinc","https:\/\/www.instagram.com\/sumac_inc\/","https:\/\/www.linkedin.com\/company\/sumac-inc-\/","https:\/\/www.youtube.com\/channel\/UChkZjbagfgQzV2aAiEjaz5w"]}]}},"_links":{"self":[{"href":"https:\/\/sumacinc.kinsta.cloud\/es\/wp-json\/wp\/v2\/pages\/24344"}],"collection":[{"href":"https:\/\/sumacinc.kinsta.cloud\/es\/wp-json\/wp\/v2\/pages"}],"about":[{"href":"https:\/\/sumacinc.kinsta.cloud\/es\/wp-json\/wp\/v2\/types\/page"}],"author":[{"embeddable":true,"href":"https:\/\/sumacinc.kinsta.cloud\/es\/wp-json\/wp\/v2\/users\/3"}],"replies":[{"embeddable":true,"href":"https:\/\/sumacinc.kinsta.cloud\/es\/wp-json\/wp\/v2\/comments?post=24344"}],"version-history":[{"count":0,"href":"https:\/\/sumacinc.kinsta.cloud\/es\/wp-json\/wp\/v2\/pages\/24344\/revisions"}],"wp:attachment":[{"href":"https:\/\/sumacinc.kinsta.cloud\/es\/wp-json\/wp\/v2\/media?parent=24344"}],"curies":[{"name":"wp","href":"https:\/\/api.w.org\/{rel}","templated":true}]}}